{"id":10,"date":"2025-03-30T13:23:21","date_gmt":"2025-03-30T11:23:21","guid":{"rendered":"https:\/\/biurkoplus.pl\/?page_id=10"},"modified":"2025-04-23T13:27:12","modified_gmt":"2025-04-23T11:27:12","slug":"biurkoplus-twoj-komfortowy-coworking-wspolna-przestrzen-indywidualne-osiagniecia","status":"publish","type":"page","link":"https:\/\/biurkoplus.pl\/","title":{"rendered":"Biuro coworkingowe w Rzeszowie"},"content":{"rendered":"\n<h3 class=\"wp-block-heading\">BiurkoPlus to idealne miejsce dla<\/h3>\n\n\n\n<p>Profesjonalist\u00f3w z bran\u017cy IT, kt\u00f3rzy potrzebuj\u0105 spokoju i koncentracji do pracy nad skomplikowanymi projektami.<\/p>\n\n\n\n<p>Architekt\u00f3w, kt\u00f3rzy ceni\u0105 sobie przestrze\u0144 do kreatywnego my\u015blenia i prezentacji projekt\u00f3w.<\/p>\n\n\n\n<p>Przedsi\u0119biorc\u00f3w, kt\u00f3rzy chc\u0105 mie\u0107 profesjonalne biuro w centrum miasta, ale nie chc\u0105 si\u0119 martwi\u0107 o wynajem i utrzymanie w\u0142asnej przestrzeni.<\/p>\n\n\n\n<p>Firm szkoleniowych i organizator\u00f3w event\u00f3w, kt\u00f3rzy potrzebuj\u0105 sali konferencyjnej w atrakcyjnej lokalizacji.<\/p>\n\n\n\n<figure class=\"wp-block-gallery has-nested-images columns-default is-cropped wp-block-gallery-1 is-layout-flex wp-block-gallery-is-layout-flex\">\n<figure class=\"wp-block-image size-large\"><img loading=\"lazy\" decoding=\"async\" width=\"768\" height=\"1024\" data-id=\"19\" src=\"https:\/\/biurkoplus.pl\/wp-content\/uploads\/2025\/03\/486231549_713683937649899_1299786756340640824_n-768x1024.jpg\" alt=\"\" class=\"wp-image-19\" srcset=\"https:\/\/biurkoplus.pl\/wp-content\/uploads\/2025\/03\/486231549_713683937649899_1299786756340640824_n-768x1024.jpg 768w, https:\/\/biurkoplus.pl\/wp-content\/uploads\/2025\/03\/486231549_713683937649899_1299786756340640824_n-225x300.jpg 225w, https:\/\/biurkoplus.pl\/wp-content\/uploads\/2025\/03\/486231549_713683937649899_1299786756340640824_n-1152x1536.jpg 1152w, https:\/\/biurkoplus.pl\/wp-content\/uploads\/2025\/03\/486231549_713683937649899_1299786756340640824_n.jpg 1536w\" sizes=\"auto, (max-width: 768px) 100vw, 768px\" \/><\/figure>\n\n\n\n<figure class=\"wp-block-image size-large\"><img loading=\"lazy\" decoding=\"async\" width=\"768\" height=\"1024\" data-id=\"36\" src=\"https:\/\/biurkoplus.pl\/wp-content\/uploads\/2025\/03\/485979517_1727599521499324_33133512118652740_n-768x1024.jpg\" alt=\"\" class=\"wp-image-36\" srcset=\"https:\/\/biurkoplus.pl\/wp-content\/uploads\/2025\/03\/485979517_1727599521499324_33133512118652740_n-768x1024.jpg 768w, https:\/\/biurkoplus.pl\/wp-content\/uploads\/2025\/03\/485979517_1727599521499324_33133512118652740_n-225x300.jpg 225w, https:\/\/biurkoplus.pl\/wp-content\/uploads\/2025\/03\/485979517_1727599521499324_33133512118652740_n-1152x1536.jpg 1152w, https:\/\/biurkoplus.pl\/wp-content\/uploads\/2025\/03\/485979517_1727599521499324_33133512118652740_n.jpg 1536w\" sizes=\"auto, (max-width: 768px) 100vw, 768px\" \/><\/figure>\n\n\n\n<figure class=\"wp-block-image size-large\"><img loading=\"lazy\" decoding=\"async\" width=\"768\" height=\"1024\" data-id=\"33\" src=\"https:\/\/biurkoplus.pl\/wp-content\/uploads\/2025\/03\/486021723_1530447315008364_1371421990769195410_n-768x1024.jpg\" alt=\"\" class=\"wp-image-33\" srcset=\"https:\/\/biurkoplus.pl\/wp-content\/uploads\/2025\/03\/486021723_1530447315008364_1371421990769195410_n-768x1024.jpg 768w, https:\/\/biurkoplus.pl\/wp-content\/uploads\/2025\/03\/486021723_1530447315008364_1371421990769195410_n-225x300.jpg 225w, https:\/\/biurkoplus.pl\/wp-content\/uploads\/2025\/03\/486021723_1530447315008364_1371421990769195410_n-1152x1536.jpg 1152w, https:\/\/biurkoplus.pl\/wp-content\/uploads\/2025\/03\/486021723_1530447315008364_1371421990769195410_n.jpg 1536w\" sizes=\"auto, (max-width: 768px) 100vw, 768px\" \/><\/figure>\n<\/figure>\n\n\n\n<h3 class=\"wp-block-heading\">Atrakcyjna lokalizacja<\/h3>\n\n\n\n<p>Znajd\u017a si\u0119 w samym sercu Rzeszowa, gdzie historia spotyka si\u0119 z nowoczesno\u015bci\u0105.<\/p>\n\n\n\n<p>Blisko Ogrod\u00f3w Bernardy\u0144skich, gdzie mo\u017cesz z\u0142apa\u0107 oddech w zieleni i ciszy.<\/p>\n\n\n\n<p>Nieopodal parking podziemny zapewnia wygod\u0119 i bezpiecze\u0144stwo dla Twojego pojazdu.<\/p>\n\n\n\n<p>\u0141atwy dost\u0119p do Rynku, gdzie znajdziesz restauracje, kawiarnie i sklepy, idealne na przerw\u0119 od pracy.<\/p>\n\n\n\n<p>Mo\u017cliwo\u015b\u0107 doj\u015bcia pieszo z dworc\u00f3w PKS i PKP, bardzo bliska komunikacja miejska, co u\u0142atwia dojazd z ka\u017cdej cz\u0119\u015bci miasta.<\/p>\n\n\n\n<h3 class=\"wp-block-heading\">Profesjonalne wyposa\u017cenie<\/h3>\n\n\n\n<p>Nielimitowana kawa, kt\u00f3ra pobudzi Twoje zmys\u0142y i pomo\u017ce w skupieniu.<\/p>\n\n\n\n<p>Dost\u0119p do kuchni z lod\u00f3wkami i kuchenkami mikrofalowymi, gdzie mo\u017cesz przygotowa\u0107 posi\u0142ek lub odgrza\u0107 co\u015b na szybko.<\/p>\n\n\n\n<p>Klimatyzowane biura, kt\u00f3re zapewni\u0105 komfort termiczny przez ca\u0142y rok.<\/p>\n\n\n\n<p>Najszybszy dost\u0119pny w Rzeszowie internet, kt\u00f3ry umo\u017cliwi Ci efektywn\u0105 prac\u0119 online i komunikacj\u0119 z klientami i wsp\u00f3\u0142pracownikami.<\/p>\n\n\n\n<figure class=\"wp-block-gallery has-nested-images columns-default is-cropped wp-block-gallery-2 is-layout-flex wp-block-gallery-is-layout-flex\">\n<figure class=\"wp-block-image size-large\"><img loading=\"lazy\" decoding=\"async\" width=\"768\" height=\"1024\" data-id=\"38\" src=\"http:\/\/biurkoplus.pl\/wp-content\/uploads\/2025\/03\/485512577_628809430147869_7391451713746950768_n-768x1024.jpg\" alt=\"\" class=\"wp-image-38\" srcset=\"https:\/\/biurkoplus.pl\/wp-content\/uploads\/2025\/03\/485512577_628809430147869_7391451713746950768_n-768x1024.jpg 768w, https:\/\/biurkoplus.pl\/wp-content\/uploads\/2025\/03\/485512577_628809430147869_7391451713746950768_n-225x300.jpg 225w, https:\/\/biurkoplus.pl\/wp-content\/uploads\/2025\/03\/485512577_628809430147869_7391451713746950768_n-1152x1536.jpg 1152w, https:\/\/biurkoplus.pl\/wp-content\/uploads\/2025\/03\/485512577_628809430147869_7391451713746950768_n.jpg 1536w\" sizes=\"auto, (max-width: 768px) 100vw, 768px\" \/><\/figure>\n\n\n\n<figure class=\"wp-block-image size-large\"><img loading=\"lazy\" decoding=\"async\" width=\"768\" height=\"1024\" data-id=\"32\" src=\"https:\/\/biurkoplus.pl\/wp-content\/uploads\/2025\/03\/485815065_748131164541060_4678468853093086197_n-768x1024.jpg\" alt=\"\" class=\"wp-image-32\" srcset=\"https:\/\/biurkoplus.pl\/wp-content\/uploads\/2025\/03\/485815065_748131164541060_4678468853093086197_n-768x1024.jpg 768w, https:\/\/biurkoplus.pl\/wp-content\/uploads\/2025\/03\/485815065_748131164541060_4678468853093086197_n-225x300.jpg 225w, https:\/\/biurkoplus.pl\/wp-content\/uploads\/2025\/03\/485815065_748131164541060_4678468853093086197_n-1152x1536.jpg 1152w, https:\/\/biurkoplus.pl\/wp-content\/uploads\/2025\/03\/485815065_748131164541060_4678468853093086197_n.jpg 1536w\" sizes=\"auto, (max-width: 768px) 100vw, 768px\" \/><\/figure>\n<\/figure>\n\n\n\n<h3 class=\"wp-block-heading\">Ceny<\/h3>\n\n\n\n<p>Dedykowane biurko na miesi\u0105c: 750 PLN netto<\/p>\n\n\n\n<p>Dedykowane biurko na dzie\u0144: 70 PLN netto<\/p>\n\n\n\n<p>Dedykowany pok\u00f3j dla max 4 os\u00f3b na miesi\u0105c: 3000 PLN netto<\/p>\n\n\n\n<p>Sala konferencyjna na dzie\u0144: 500 PLN netto<\/p>\n\n\n\n<h3 class=\"wp-block-heading\">Kontakt<\/h3>\n\n\n\n<p>BiurkoPlus Sp\u00f3\u0142ka z ograniczon\u0105 odpowiedzialno\u015bci\u0105<br>ul. Soko\u0142a 4a, Rzesz\u00f3w<br>biurko@biurkoplus.pl<br>+48 572 489 703<\/p>\n\n\n\n<p><\/p>\n\n\n<div style=\"display: flex; justify-content: center; align-items: center; height: 100%; width: 100%;\">\n<iframe src=\"https:\/\/www.google.com\/maps\/embed?pb=!1m18!1m12!1m3!1d2562.5294804414925!2d21.99819771231949!3d50.038911871397694!2m3!1f0!2f0!3f0!3m2!1i1024!2i768!4f13.1!3m3!1m2!1s0x473cfb694ef0f6f1%3A0x146cb8244552b69!2sBiurkoPlus!5e0!3m2!1spl!2spl!4v1743343438065!5m2!1spl!2spl\" width=\"100%\" height=\"450\" style=\"border:0;\" allowfullscreen=\"\" loading=\"lazy\" referrerpolicy=\"no-referrer-when-downgrade\"><\/iframe><\/div>\n\n\n<div class=\"wp-block-group alignfull is-layout-constrained wp-block-group-is-layout-constrained\">\n<div class=\"wp-block-group alignwide is-layout-flow wp-block-group-is-layout-flow\" style=\"padding-top:4rem;padding-bottom:4rem\">\n<ul class=\"wp-block-social-links has-icon-color has-icon-background-color is-content-justification-center is-layout-flex wp-container-core-social-links-is-layout-a89b3969 wp-block-social-links-is-layout-flex\"><li style=\"color:var(--wp--preset--color--foreground);background-color:var(--wp--preset--color--background);\" class=\"wp-social-link wp-social-link-facebook has-foreground-color has-background-background-color wp-block-social-link\"><a href=\"https:\/\/www.facebook.com\/profile.php?id=61574648920781\" class=\"wp-block-social-link-anchor\"><svg width=\"24\" height=\"24\" viewBox=\"0 0 24 24\" version=\"1.1\" xmlns=\"http:\/\/www.w3.org\/2000\/svg\" aria-hidden=\"true\" focusable=\"false\"><path d=\"M12 2C6.5 2 2 6.5 2 12c0 5 3.7 9.1 8.4 9.9v-7H7.9V12h2.5V9.8c0-2.5 1.5-3.9 3.8-3.9 1.1 0 2.2.2 2.2.2v2.5h-1.3c-1.2 0-1.6.8-1.6 1.6V12h2.8l-.4 2.9h-2.3v7C18.3 21.1 22 17 22 12c0-5.5-4.5-10-10-10z\"><\/path><\/svg><span class=\"wp-block-social-link-label screen-reader-text\">Facebook<\/span><\/a><\/li>\n\n<li style=\"color:var(--wp--preset--color--foreground);background-color:var(--wp--preset--color--background);\" class=\"wp-social-link wp-social-link-instagram has-foreground-color has-background-background-color wp-block-social-link\"><a href=\"https:\/\/www.instagram.com\/biurkoplus\/\" class=\"wp-block-social-link-anchor\"><svg width=\"24\" height=\"24\" viewBox=\"0 0 24 24\" version=\"1.1\" xmlns=\"http:\/\/www.w3.org\/2000\/svg\" aria-hidden=\"true\" focusable=\"false\"><path d=\"M12,4.622c2.403,0,2.688,0.009,3.637,0.052c0.877,0.04,1.354,0.187,1.671,0.31c0.42,0.163,0.72,0.358,1.035,0.673 c0.315,0.315,0.51,0.615,0.673,1.035c0.123,0.317,0.27,0.794,0.31,1.671c0.043,0.949,0.052,1.234,0.052,3.637 s-0.009,2.688-0.052,3.637c-0.04,0.877-0.187,1.354-0.31,1.671c-0.163,0.42-0.358,0.72-0.673,1.035 c-0.315,0.315-0.615,0.51-1.035,0.673c-0.317,0.123-0.794,0.27-1.671,0.31c-0.949,0.043-1.233,0.052-3.637,0.052 s-2.688-0.009-3.637-0.052c-0.877-0.04-1.354-0.187-1.671-0.31c-0.42-0.163-0.72-0.358-1.035-0.673 c-0.315-0.315-0.51-0.615-0.673-1.035c-0.123-0.317-0.27-0.794-0.31-1.671C4.631,14.688,4.622,14.403,4.622,12 s0.009-2.688,0.052-3.637c0.04-0.877,0.187-1.354,0.31-1.671c0.163-0.42,0.358-0.72,0.673-1.035 c0.315-0.315,0.615-0.51,1.035-0.673c0.317-0.123,0.794-0.27,1.671-0.31C9.312,4.631,9.597,4.622,12,4.622 M12,3 C9.556,3,9.249,3.01,8.289,3.054C7.331,3.098,6.677,3.25,6.105,3.472C5.513,3.702,5.011,4.01,4.511,4.511 c-0.5,0.5-0.808,1.002-1.038,1.594C3.25,6.677,3.098,7.331,3.054,8.289C3.01,9.249,3,9.556,3,12c0,2.444,0.01,2.751,0.054,3.711 c0.044,0.958,0.196,1.612,0.418,2.185c0.23,0.592,0.538,1.094,1.038,1.594c0.5,0.5,1.002,0.808,1.594,1.038 c0.572,0.222,1.227,0.375,2.185,0.418C9.249,20.99,9.556,21,12,21s2.751-0.01,3.711-0.054c0.958-0.044,1.612-0.196,2.185-0.418 c0.592-0.23,1.094-0.538,1.594-1.038c0.5-0.5,0.808-1.002,1.038-1.594c0.222-0.572,0.375-1.227,0.418-2.185 C20.99,14.751,21,14.444,21,12s-0.01-2.751-0.054-3.711c-0.044-0.958-0.196-1.612-0.418-2.185c-0.23-0.592-0.538-1.094-1.038-1.594 c-0.5-0.5-1.002-0.808-1.594-1.038c-0.572-0.222-1.227-0.375-2.185-0.418C14.751,3.01,14.444,3,12,3L12,3z M12,7.378 c-2.552,0-4.622,2.069-4.622,4.622S9.448,16.622,12,16.622s4.622-2.069,4.622-4.622S14.552,7.378,12,7.378z M12,15 c-1.657,0-3-1.343-3-3s1.343-3,3-3s3,1.343,3,3S13.657,15,12,15z M16.804,6.116c-0.596,0-1.08,0.484-1.08,1.08 s0.484,1.08,1.08,1.08c0.596,0,1.08-0.484,1.08-1.08S17.401,6.116,16.804,6.116z\"><\/path><\/svg><span class=\"wp-block-social-link-label screen-reader-text\">Instagram<\/span><\/a><\/li><\/ul>\n\n\n\n<p class=\"has-text-align-center\" style=\"font-size:16px\">\u00a9 BiurkoPlus<\/p>\n<\/div>\n<\/div>\n","protected":false},"excerpt":{"rendered":"<p>BiurkoPlus to idealne miejsce dla Profesjonalist\u00f3w z bran\u017cy IT, kt\u00f3rzy potrzebuj\u0105 spokoju i koncentracji do pracy nad skomplikowanymi projektami. Architekt\u00f3w, kt\u00f3rzy ceni\u0105 sobie przestrze\u0144 do kreatywnego my\u015blenia i prezentacji projekt\u00f3w. Przedsi\u0119biorc\u00f3w, kt\u00f3rzy chc\u0105 mie\u0107 profesjonalne biuro w centrum miasta, ale nie chc\u0105 si\u0119 martwi\u0107 o wynajem i utrzymanie w\u0142asnej przestrzeni. Firm szkoleniowych i organizator\u00f3w event\u00f3w, [&hellip;]<\/p>\n","protected":false},"author":1,"featured_media":54,"parent":0,"menu_order":0,"comment_status":"closed","ping_status":"closed","template":"","meta":{"footnotes":""},"class_list":["post-10","page","type-page","status-publish","has-post-thumbnail","hentry"],"yoast_head":"<!-- This site is optimized with the Yoast SEO plugin v24.8.1 - https:\/\/yoast.com\/wordpress\/plugins\/seo\/ -->\n<title>Biuro coworkingowe w Rzeszowie - BiurkoPlus<\/title>\n<meta name=\"description\" content=\"Biuro coworkingowe w centrum Rzeszowa \u2013 elastyczne przestrzenie do pracy na godziny lub d\u0142u\u017cej. Zarezerwuj miejsce ju\u017c dzi\u015b!\" \/>\n<meta name=\"robots\" content=\"index, follow, max-snippet:-1, max-image-preview:large, max-video-preview:-1\" \/>\n<link rel=\"canonical\" href=\"https:\/\/biurkoplus.pl\/\" \/>\n<meta property=\"og:locale\" content=\"pl_PL\" \/>\n<meta property=\"og:type\" content=\"article\" \/>\n<meta property=\"og:title\" content=\"Biuro coworkingowe w Rzeszowie - BiurkoPlus\" \/>\n<meta property=\"og:description\" content=\"Biuro coworkingowe w centrum Rzeszowa \u2013 elastyczne przestrzenie do pracy na godziny lub d\u0142u\u017cej. Zarezerwuj miejsce ju\u017c dzi\u015b!\" \/>\n<meta property=\"og:url\" content=\"https:\/\/biurkoplus.pl\/\" \/>\n<meta property=\"og:site_name\" content=\"BiurkoPlus\" \/>\n<meta property=\"article:publisher\" content=\"https:\/\/www.facebook.com\/profile.php?id=61574648920781\" \/>\n<meta property=\"article:modified_time\" content=\"2025-04-23T11:27:12+00:00\" \/>\n<meta property=\"og:image\" content=\"https:\/\/biurkoplus.pl\/wp-content\/uploads\/2025\/03\/tloBiurkoPlus1.jpg\" \/>\n\t<meta property=\"og:image:width\" content=\"1246\" \/>\n\t<meta property=\"og:image:height\" content=\"593\" \/>\n\t<meta property=\"og:image:type\" content=\"image\/jpeg\" \/>\n<meta name=\"twitter:card\" content=\"summary_large_image\" \/>\n<meta name=\"twitter:label1\" content=\"Szacowany czas czytania\" \/>\n\t<meta name=\"twitter:data1\" content=\"3 minuty\" \/>\n<script type=\"application\/ld+json\" class=\"yoast-schema-graph\">{\"@context\":\"https:\/\/schema.org\",\"@graph\":[{\"@type\":\"WebPage\",\"@id\":\"https:\/\/biurkoplus.pl\/\",\"url\":\"https:\/\/biurkoplus.pl\/\",\"name\":\"Biuro coworkingowe w Rzeszowie - BiurkoPlus\",\"isPartOf\":{\"@id\":\"https:\/\/biurkoplus.pl\/#website\"},\"primaryImageOfPage\":{\"@id\":\"https:\/\/biurkoplus.pl\/#primaryimage\"},\"image\":{\"@id\":\"https:\/\/biurkoplus.pl\/#primaryimage\"},\"thumbnailUrl\":\"https:\/\/biurkoplus.pl\/wp-content\/uploads\/2025\/03\/tloBiurkoPlus1.jpg\",\"datePublished\":\"2025-03-30T11:23:21+00:00\",\"dateModified\":\"2025-04-23T11:27:12+00:00\",\"description\":\"Biuro coworkingowe w centrum Rzeszowa \u2013 elastyczne przestrzenie do pracy na godziny lub d\u0142u\u017cej. Zarezerwuj miejsce ju\u017c dzi\u015b!\",\"breadcrumb\":{\"@id\":\"https:\/\/biurkoplus.pl\/#breadcrumb\"},\"inLanguage\":\"pl-PL\",\"potentialAction\":[{\"@type\":\"ReadAction\",\"target\":[\"https:\/\/biurkoplus.pl\/\"]}]},{\"@type\":\"ImageObject\",\"inLanguage\":\"pl-PL\",\"@id\":\"https:\/\/biurkoplus.pl\/#primaryimage\",\"url\":\"https:\/\/biurkoplus.pl\/wp-content\/uploads\/2025\/03\/tloBiurkoPlus1.jpg\",\"contentUrl\":\"https:\/\/biurkoplus.pl\/wp-content\/uploads\/2025\/03\/tloBiurkoPlus1.jpg\",\"width\":1246,\"height\":593},{\"@type\":\"BreadcrumbList\",\"@id\":\"https:\/\/biurkoplus.pl\/#breadcrumb\",\"itemListElement\":[{\"@type\":\"ListItem\",\"position\":1,\"name\":\"Strona g\u0142\u00f3wna\",\"item\":\"https:\/\/biurkoplus.pl\/\"},{\"@type\":\"ListItem\",\"position\":2,\"name\":\"Biuro coworkingowe w Rzeszowie\"}]},{\"@type\":\"WebSite\",\"@id\":\"https:\/\/biurkoplus.pl\/#website\",\"url\":\"https:\/\/biurkoplus.pl\/\",\"name\":\"BiurkoPlus\",\"description\":\"Tw\u00f3j komfortowy coworking. Wsp\u00f3lna przestrze\u0144, indywidualne osi\u0105gni\u0119cia!\",\"potentialAction\":[{\"@type\":\"SearchAction\",\"target\":{\"@type\":\"EntryPoint\",\"urlTemplate\":\"https:\/\/biurkoplus.pl\/?s={search_term_string}\"},\"query-input\":{\"@type\":\"PropertyValueSpecification\",\"valueRequired\":true,\"valueName\":\"search_term_string\"}}],\"inLanguage\":\"pl-PL\"}]}<\/script>\n<!-- \/ Yoast SEO plugin. -->","yoast_head_json":{"title":"Biuro coworkingowe w Rzeszowie - BiurkoPlus","description":"Biuro coworkingowe w centrum Rzeszowa \u2013 elastyczne przestrzenie do pracy na godziny lub d\u0142u\u017cej. Zarezerwuj miejsce ju\u017c dzi\u015b!","robots":{"index":"index","follow":"follow","max-snippet":"max-snippet:-1","max-image-preview":"max-image-preview:large","max-video-preview":"max-video-preview:-1"},"canonical":"https:\/\/biurkoplus.pl\/","og_locale":"pl_PL","og_type":"article","og_title":"Biuro coworkingowe w Rzeszowie - BiurkoPlus","og_description":"Biuro coworkingowe w centrum Rzeszowa \u2013 elastyczne przestrzenie do pracy na godziny lub d\u0142u\u017cej. Zarezerwuj miejsce ju\u017c dzi\u015b!","og_url":"https:\/\/biurkoplus.pl\/","og_site_name":"BiurkoPlus","article_publisher":"https:\/\/www.facebook.com\/profile.php?id=61574648920781","article_modified_time":"2025-04-23T11:27:12+00:00","og_image":[{"width":1246,"height":593,"url":"https:\/\/biurkoplus.pl\/wp-content\/uploads\/2025\/03\/tloBiurkoPlus1.jpg","type":"image\/jpeg"}],"twitter_card":"summary_large_image","twitter_misc":{"Szacowany czas czytania":"3 minuty"},"schema":{"@context":"https:\/\/schema.org","@graph":[{"@type":"WebPage","@id":"https:\/\/biurkoplus.pl\/","url":"https:\/\/biurkoplus.pl\/","name":"Biuro coworkingowe w Rzeszowie - BiurkoPlus","isPartOf":{"@id":"https:\/\/biurkoplus.pl\/#website"},"primaryImageOfPage":{"@id":"https:\/\/biurkoplus.pl\/#primaryimage"},"image":{"@id":"https:\/\/biurkoplus.pl\/#primaryimage"},"thumbnailUrl":"https:\/\/biurkoplus.pl\/wp-content\/uploads\/2025\/03\/tloBiurkoPlus1.jpg","datePublished":"2025-03-30T11:23:21+00:00","dateModified":"2025-04-23T11:27:12+00:00","description":"Biuro coworkingowe w centrum Rzeszowa \u2013 elastyczne przestrzenie do pracy na godziny lub d\u0142u\u017cej. Zarezerwuj miejsce ju\u017c dzi\u015b!","breadcrumb":{"@id":"https:\/\/biurkoplus.pl\/#breadcrumb"},"inLanguage":"pl-PL","potentialAction":[{"@type":"ReadAction","target":["https:\/\/biurkoplus.pl\/"]}]},{"@type":"ImageObject","inLanguage":"pl-PL","@id":"https:\/\/biurkoplus.pl\/#primaryimage","url":"https:\/\/biurkoplus.pl\/wp-content\/uploads\/2025\/03\/tloBiurkoPlus1.jpg","contentUrl":"https:\/\/biurkoplus.pl\/wp-content\/uploads\/2025\/03\/tloBiurkoPlus1.jpg","width":1246,"height":593},{"@type":"BreadcrumbList","@id":"https:\/\/biurkoplus.pl\/#breadcrumb","itemListElement":[{"@type":"ListItem","position":1,"name":"Strona g\u0142\u00f3wna","item":"https:\/\/biurkoplus.pl\/"},{"@type":"ListItem","position":2,"name":"Biuro coworkingowe w Rzeszowie"}]},{"@type":"WebSite","@id":"https:\/\/biurkoplus.pl\/#website","url":"https:\/\/biurkoplus.pl\/","name":"BiurkoPlus","description":"Tw\u00f3j komfortowy coworking. Wsp\u00f3lna przestrze\u0144, indywidualne osi\u0105gni\u0119cia!","potentialAction":[{"@type":"SearchAction","target":{"@type":"EntryPoint","urlTemplate":"https:\/\/biurkoplus.pl\/?s={search_term_string}"},"query-input":{"@type":"PropertyValueSpecification","valueRequired":true,"valueName":"search_term_string"}}],"inLanguage":"pl-PL"}]}},"_links":{"self":[{"href":"https:\/\/biurkoplus.pl\/index.php\/wp-json\/wp\/v2\/pages\/10","targetHints":{"allow":["GET"]}}],"collection":[{"href":"https:\/\/biurkoplus.pl\/index.php\/wp-json\/wp\/v2\/pages"}],"about":[{"href":"https:\/\/biurkoplus.pl\/index.php\/wp-json\/wp\/v2\/types\/page"}],"author":[{"embeddable":true,"href":"https:\/\/biurkoplus.pl\/index.php\/wp-json\/wp\/v2\/users\/1"}],"replies":[{"embeddable":true,"href":"https:\/\/biurkoplus.pl\/index.php\/wp-json\/wp\/v2\/comments?post=10"}],"version-history":[{"count":20,"href":"https:\/\/biurkoplus.pl\/index.php\/wp-json\/wp\/v2\/pages\/10\/revisions"}],"predecessor-version":[{"id":60,"href":"https:\/\/biurkoplus.pl\/index.php\/wp-json\/wp\/v2\/pages\/10\/revisions\/60"}],"wp:featuredmedia":[{"embeddable":true,"href":"https:\/\/biurkoplus.pl\/index.php\/wp-json\/wp\/v2\/media\/54"}],"wp:attachment":[{"href":"https:\/\/biurkoplus.pl\/index.php\/wp-json\/wp\/v2\/media?parent=10"}],"curies":[{"name":"wp","href":"https:\/\/api.w.org\/{rel}","templated":true}]}}